{"id":16,"date":"2021-11-21T15:14:44","date_gmt":"2021-11-21T20:14:44","guid":{"rendered":"https:\/\/jeasociadosconsultores.com\/index.php\/contact\/"},"modified":"2023-10-15T16:08:01","modified_gmt":"2023-10-15T21:08:01","slug":"contact","status":"publish","type":"page","link":"https:\/\/jeasociadosconsultores.com\/index.php\/contact\/","title":{"rendered":"Psicologia Organizacional"},"content":{"rendered":"\t\t<div data-elementor-type=\"wp-page\" data-elementor-id=\"16\" class=\"elementor elementor-16\">\n\t\t\t\t\t\t\t\t\t<section class=\"elementor-section elementor-top-section elementor-element elementor-element-6713cc3 elementor-section-height-min-height elementor-section-boxed elementor-section-height-default elementor-section-items-middle\" data-id=\"6713cc3\" data-element_type=\"section\" data-settings=\"{&quot;background_background&quot;:&quot;classic&quot;}\">\n\t\t\t\t\t\t\t<div class=\"elementor-background-overlay\"><\/div>\n\t\t\t\t\t\t\t<div class=\"elementor-container elementor-column-gap-default\">\n\t\t\t\t\t<div class=\"elementor-column elementor-col-100 elementor-top-column elementor-element elementor-element-ddcf7e8\" data-id=\"ddcf7e8\" data-element_type=\"column\">\n\t\t\t<div class=\"elementor-widget-wrap elementor-element-populated\">\n\t\t\t\t\t\t\t\t<div class=\"elementor-element elementor-element-9654805 elementor-widget elementor-widget-heading\" data-id=\"9654805\" data-element_type=\"widget\" data-widget_type=\"heading.default\">\n\t\t\t\t<div class=\"elementor-widget-container\">\n\t\t\t<style>\/*! elementor - v3.17.0 - 25-10-2023 *\/\n.elementor-heading-title{padding:0;margin:0;line-height:1}.elementor-widget-heading .elementor-heading-title[class*=elementor-size-]>a{color:inherit;font-size:inherit;line-height:inherit}.elementor-widget-heading .elementor-heading-title.elementor-size-small{font-size:15px}.elementor-widget-heading .elementor-heading-title.elementor-size-medium{font-size:19px}.elementor-widget-heading .elementor-heading-title.elementor-size-large{font-size:29px}.elementor-widget-heading .elementor-heading-title.elementor-size-xl{font-size:39px}.elementor-widget-heading .elementor-heading-title.elementor-size-xxl{font-size:59px}<\/style><h1 class=\"elementor-heading-title elementor-size-default\">Psicologia Organizacional<\/h1>\t\t<\/div>\n\t\t\t\t<\/div>\n\t\t\t\t\t<\/div>\n\t\t<\/div>\n\t\t\t\t\t\t\t<\/div>\n\t\t<\/section>\n\t\t\t\t<section class=\"elementor-section elementor-top-section elementor-element elementor-element-67f828f elementor-section-boxed elementor-section-height-default elementor-section-height-default\" data-id=\"67f828f\" data-element_type=\"section\" data-settings=\"{&quot;background_background&quot;:&quot;classic&quot;}\">\n\t\t\t\t\t\t<div class=\"elementor-container elementor-column-gap-default\">\n\t\t\t\t\t<div class=\"elementor-column elementor-col-100 elementor-top-column elementor-element elementor-element-c2e76a9\" data-id=\"c2e76a9\" data-element_type=\"column\">\n\t\t\t<div class=\"elementor-widget-wrap elementor-element-populated\">\n\t\t\t\t\t\t\t\t<div class=\"elementor-element elementor-element-841f333 elementor-arrows-position-inside elementor-pagination-position-outside elementor-widget elementor-widget-image-carousel\" data-id=\"841f333\" data-element_type=\"widget\" data-settings=\"{&quot;navigation&quot;:&quot;both&quot;,&quot;autoplay&quot;:&quot;yes&quot;,&quot;pause_on_hover&quot;:&quot;yes&quot;,&quot;pause_on_interaction&quot;:&quot;yes&quot;,&quot;autoplay_speed&quot;:5000,&quot;infinite&quot;:&quot;yes&quot;,&quot;speed&quot;:500}\" data-widget_type=\"image-carousel.default\">\n\t\t\t\t<div class=\"elementor-widget-container\">\n\t\t\t<style>\/*! elementor - v3.17.0 - 25-10-2023 *\/\n.elementor-widget-image-carousel .swiper,.elementor-widget-image-carousel .swiper-container{position:static}.elementor-widget-image-carousel .swiper-container .swiper-slide figure,.elementor-widget-image-carousel .swiper .swiper-slide figure{line-height:inherit}.elementor-widget-image-carousel .swiper-slide{text-align:center}.elementor-image-carousel-wrapper:not(.swiper-container-initialized):not(.swiper-initialized) .swiper-slide{max-width:calc(100% \/ var(--e-image-carousel-slides-to-show, 3))}<\/style>\t\t<div class=\"elementor-image-carousel-wrapper swiper\" dir=\"ltr\">\n\t\t\t<div class=\"elementor-image-carousel swiper-wrapper\" aria-live=\"off\">\n\t\t\t\t\t\t\t\t<div class=\"swiper-slide\" role=\"group\" aria-roledescription=\"slide\" aria-label=\"1 of 4\"><figure class=\"swiper-slide-inner\"><img decoding=\"async\" class=\"swiper-slide-image\" src=\"https:\/\/jeasociadosconsultores.com\/wp-content\/uploads\/2023\/05\/dose-media-bU6JyhSI6zo-unsplash-150x150.jpg\" alt=\"dose-media-bU6JyhSI6zo-unsplash\" \/><\/figure><\/div><div class=\"swiper-slide\" role=\"group\" aria-roledescription=\"slide\" aria-label=\"2 of 4\"><figure class=\"swiper-slide-inner\"><img decoding=\"async\" class=\"swiper-slide-image\" src=\"https:\/\/jeasociadosconsultores.com\/wp-content\/uploads\/2023\/05\/jeshoots-com-LtNvQHdKkmw-unsplash-150x150.jpg\" alt=\"jeshoots-com-LtNvQHdKkmw-unsplash\" \/><\/figure><\/div><div class=\"swiper-slide\" role=\"group\" aria-roledescription=\"slide\" aria-label=\"3 of 4\"><figure class=\"swiper-slide-inner\"><img decoding=\"async\" class=\"swiper-slide-image\" src=\"https:\/\/jeasociadosconsultores.com\/wp-content\/uploads\/2023\/05\/istockphoto-106488657-170667a-150x150.jpg\" alt=\"istockphoto-106488657-170667a\" \/><\/figure><\/div><div class=\"swiper-slide\" role=\"group\" aria-roledescription=\"slide\" aria-label=\"4 of 4\"><figure class=\"swiper-slide-inner\"><img decoding=\"async\" class=\"swiper-slide-image\" src=\"https:\/\/jeasociadosconsultores.com\/wp-content\/uploads\/2023\/05\/istockphoto-106488833-170667a-150x150.jpg\" alt=\"istockphoto-106488833-170667a\" \/><\/figure><\/div>\t\t\t<\/div>\n\t\t\t\t\t\t\t\t\t\t\t\t<div class=\"elementor-swiper-button elementor-swiper-button-prev\" role=\"button\" tabindex=\"0\">\n\t\t\t\t\t\t<i aria-hidden=\"true\" class=\"eicon-chevron-left\"><\/i>\t\t\t\t\t<\/div>\n\t\t\t\t\t<div class=\"elementor-swiper-button elementor-swiper-button-next\" role=\"button\" tabindex=\"0\">\n\t\t\t\t\t\t<i aria-hidden=\"true\" class=\"eicon-chevron-right\"><\/i>\t\t\t\t\t<\/div>\n\t\t\t\t\n\t\t\t\t\t\t\t\t\t<div class=\"swiper-pagination\"><\/div>\n\t\t\t\t\t\t\t\t\t<\/div>\n\t\t\t\t<\/div>\n\t\t\t\t<\/div>\n\t\t\t\t\t<\/div>\n\t\t<\/div>\n\t\t\t\t\t\t\t<\/div>\n\t\t<\/section>\n\t\t\t\t<section class=\"elementor-section elementor-top-section elementor-element elementor-element-3d17eea elementor-section-boxed elementor-section-height-default elementor-section-height-default\" data-id=\"3d17eea\" data-element_type=\"section\" data-settings=\"{&quot;background_background&quot;:&quot;classic&quot;}\">\n\t\t\t\t\t\t<div class=\"elementor-container elementor-column-gap-default\">\n\t\t\t\t\t<div class=\"elementor-column elementor-col-100 elementor-top-column elementor-element elementor-element-daba57a\" data-id=\"daba57a\" data-element_type=\"column\">\n\t\t\t<div class=\"elementor-widget-wrap elementor-element-populated\">\n\t\t\t\t\t\t\t\t<div class=\"elementor-element elementor-element-93a1b2e elementor-widget elementor-widget-heading\" data-id=\"93a1b2e\" data-element_type=\"widget\" data-widget_type=\"heading.default\">\n\t\t\t\t<div class=\"elementor-widget-container\">\n\t\t\t<h4 class=\"elementor-heading-title elementor-size-default\">\"Potencia el bienestar y el rendimiento de tu equipo con la Psicolog\u00eda Organizacional, clave para crear un entorno laboral saludable, motivador y productivo. Nuestros servicios especializados en Psicolog\u00eda Organizacional te ayudar\u00e1n a comprender y optimizar las din\u00e1micas internas, fortalecer la comunicaci\u00f3n, potenciar el liderazgo y maximizar el talento de tus colaboradores. Prioriza el crecimiento integral de tu organizaci\u00f3n y desata su m\u00e1ximo potencial con nuestra expertise en Psicolog\u00eda Organizacional.\"<\/h4>\t\t<\/div>\n\t\t\t\t<\/div>\n\t\t\t\t<section class=\"elementor-section elementor-inner-section elementor-element elementor-element-cfadfcf elementor-section-boxed elementor-section-height-default elementor-section-height-default\" data-id=\"cfadfcf\" data-element_type=\"section\">\n\t\t\t\t\t\t<div class=\"elementor-container elementor-column-gap-default\">\n\t\t\t\t\t<div class=\"elementor-column elementor-col-25 elementor-inner-column elementor-element elementor-element-af6752f\" data-id=\"af6752f\" data-element_type=\"column\">\n\t\t\t<div class=\"elementor-widget-wrap elementor-element-populated\">\n\t\t\t\t\t\t\t\t<div class=\"elementor-element elementor-element-29cfd01 elementor-widget elementor-widget-image\" data-id=\"29cfd01\" data-element_type=\"widget\" data-widget_type=\"image.default\">\n\t\t\t\t<div class=\"elementor-widget-container\">\n\t\t\t<style>\/*! elementor - v3.17.0 - 25-10-2023 *\/\n.elementor-widget-image{text-align:center}.elementor-widget-image a{display:inline-block}.elementor-widget-image a img[src$=\".svg\"]{width:48px}.elementor-widget-image img{vertical-align:middle;display:inline-block}<\/style>\t\t\t\t\t\t\t\t\t\t\t\t<img decoding=\"async\" loading=\"lazy\" width=\"640\" height=\"427\" src=\"https:\/\/jeasociadosconsultores.com\/wp-content\/uploads\/2023\/05\/doctor-5710152_640.jpg\" class=\"attachment-full size-full wp-image-1456\" alt=\"\" srcset=\"https:\/\/jeasociadosconsultores.com\/wp-content\/uploads\/2023\/05\/doctor-5710152_640.jpg 640w, https:\/\/jeasociadosconsultores.com\/wp-content\/uploads\/2023\/05\/doctor-5710152_640-300x200.jpg 300w\" sizes=\"(max-width: 640px) 100vw, 640px\" \/>\t\t\t\t\t\t\t\t\t\t\t\t\t\t\t<\/div>\n\t\t\t\t<\/div>\n\t\t\t\t\t<\/div>\n\t\t<\/div>\n\t\t\t\t<div class=\"elementor-column elementor-col-25 elementor-inner-column elementor-element elementor-element-8e44308\" data-id=\"8e44308\" data-element_type=\"column\">\n\t\t\t<div class=\"elementor-widget-wrap elementor-element-populated\">\n\t\t\t\t\t\t\t\t<div class=\"elementor-element elementor-element-fcb7302 elementor-widget elementor-widget-image\" data-id=\"fcb7302\" data-element_type=\"widget\" data-widget_type=\"image.default\">\n\t\t\t\t<div class=\"elementor-widget-container\">\n\t\t\t\t\t\t\t\t\t\t\t\t\t\t\t<img decoding=\"async\" loading=\"lazy\" width=\"640\" height=\"395\" src=\"https:\/\/jeasociadosconsultores.com\/wp-content\/uploads\/2023\/05\/psychology-2647941_640.jpg\" class=\"attachment-full size-full wp-image-1454\" alt=\"\" srcset=\"https:\/\/jeasociadosconsultores.com\/wp-content\/uploads\/2023\/05\/psychology-2647941_640.jpg 640w, https:\/\/jeasociadosconsultores.com\/wp-content\/uploads\/2023\/05\/psychology-2647941_640-300x185.jpg 300w\" sizes=\"(max-width: 640px) 100vw, 640px\" \/>\t\t\t\t\t\t\t\t\t\t\t\t\t\t\t<\/div>\n\t\t\t\t<\/div>\n\t\t\t\t\t<\/div>\n\t\t<\/div>\n\t\t\t\t<div class=\"elementor-column elementor-col-25 elementor-inner-column elementor-element elementor-element-aa524ec\" data-id=\"aa524ec\" data-element_type=\"column\">\n\t\t\t<div class=\"elementor-widget-wrap elementor-element-populated\">\n\t\t\t\t\t\t\t\t<div class=\"elementor-element elementor-element-e49dfe4 elementor-widget elementor-widget-image\" data-id=\"e49dfe4\" data-element_type=\"widget\" data-widget_type=\"image.default\">\n\t\t\t\t<div class=\"elementor-widget-container\">\n\t\t\t\t\t\t\t\t\t\t\t\t\t\t\t<img decoding=\"async\" loading=\"lazy\" width=\"2560\" height=\"1707\" src=\"https:\/\/jeasociadosconsultores.com\/wp-content\/uploads\/2023\/05\/jeshoots-com-LtNvQHdKkmw-unsplash-scaled.jpg\" class=\"attachment-full size-full wp-image-1390\" alt=\"\" srcset=\"https:\/\/jeasociadosconsultores.com\/wp-content\/uploads\/2023\/05\/jeshoots-com-LtNvQHdKkmw-unsplash-scaled.jpg 2560w, https:\/\/jeasociadosconsultores.com\/wp-content\/uploads\/2023\/05\/jeshoots-com-LtNvQHdKkmw-unsplash-300x200.jpg 300w, https:\/\/jeasociadosconsultores.com\/wp-content\/uploads\/2023\/05\/jeshoots-com-LtNvQHdKkmw-unsplash-1024x683.jpg 1024w, https:\/\/jeasociadosconsultores.com\/wp-content\/uploads\/2023\/05\/jeshoots-com-LtNvQHdKkmw-unsplash-768x512.jpg 768w, https:\/\/jeasociadosconsultores.com\/wp-content\/uploads\/2023\/05\/jeshoots-com-LtNvQHdKkmw-unsplash-1536x1024.jpg 1536w, https:\/\/jeasociadosconsultores.com\/wp-content\/uploads\/2023\/05\/jeshoots-com-LtNvQHdKkmw-unsplash-2048x1365.jpg 2048w\" sizes=\"(max-width: 2560px) 100vw, 2560px\" \/>\t\t\t\t\t\t\t\t\t\t\t\t\t\t\t<\/div>\n\t\t\t\t<\/div>\n\t\t\t\t\t<\/div>\n\t\t<\/div>\n\t\t\t\t<div class=\"elementor-column elementor-col-25 elementor-inner-column elementor-element elementor-element-6435a09\" data-id=\"6435a09\" data-element_type=\"column\">\n\t\t\t<div class=\"elementor-widget-wrap elementor-element-populated\">\n\t\t\t\t\t\t\t\t<div class=\"elementor-element elementor-element-bc7432f elementor-widget elementor-widget-image\" data-id=\"bc7432f\" data-element_type=\"widget\" data-widget_type=\"image.default\">\n\t\t\t\t<div class=\"elementor-widget-container\">\n\t\t\t\t\t\t\t\t\t\t\t\t\t\t\t<img decoding=\"async\" loading=\"lazy\" width=\"640\" height=\"426\" src=\"https:\/\/jeasociadosconsultores.com\/wp-content\/uploads\/2023\/05\/stress-2051408_640.webp\" class=\"attachment-full size-full wp-image-1455\" alt=\"\" srcset=\"https:\/\/jeasociadosconsultores.com\/wp-content\/uploads\/2023\/05\/stress-2051408_640.webp 640w, https:\/\/jeasociadosconsultores.com\/wp-content\/uploads\/2023\/05\/stress-2051408_640-300x200.webp 300w\" sizes=\"(max-width: 640px) 100vw, 640px\" \/>\t\t\t\t\t\t\t\t\t\t\t\t\t\t\t<\/div>\n\t\t\t\t<\/div>\n\t\t\t\t\t<\/div>\n\t\t<\/div>\n\t\t\t\t\t\t\t<\/div>\n\t\t<\/section>\n\t\t\t\t\t<\/div>\n\t\t<\/div>\n\t\t\t\t\t\t\t<\/div>\n\t\t<\/section>\n\t\t\t\t\t\t\t<\/div>\n\t\t","protected":false},"excerpt":{"rendered":"<p>Psicologia Organizacional &#8220;Potencia el bienestar y el rendimiento de tu equipo con la Psicolog\u00eda Organizacional, clave para crear un entorno laboral saludable, motivador y productivo. Nuestros servicios especializados en Psicolog\u00eda Organizacional te ayudar\u00e1n a comprender y optimizar las din\u00e1micas internas, fortalecer la comunicaci\u00f3n, potenciar el liderazgo y maximizar el talento de tus colaboradores. Prioriza el &hellip;<\/p>\n<p class=\"read-more\"> <a class=\"\" href=\"https:\/\/jeasociadosconsultores.com\/index.php\/contact\/\"> <span class=\"screen-reader-text\">Psicologia Organizacional<\/span> Read More &raquo;<\/a><\/p>\n","protected":false},"author":1,"featured_media":0,"parent":0,"menu_order":0,"comment_status":"closed","ping_status":"closed","template":"","meta":{"site-sidebar-layout":"no-sidebar","site-content-layout":"page-builder","ast-site-content-layout":"","site-content-style":"default","site-sidebar-style":"default","ast-global-header-display":"","ast-banner-title-visibility":"","ast-main-header-display":"","ast-hfb-above-header-display":"","ast-hfb-below-header-display":"","ast-hfb-mobile-header-display":"","site-post-title":"disabled","ast-breadcrumbs-content":"","ast-featured-img":"disabled","footer-sml-layout":"","theme-transparent-header-meta":"enabled","adv-header-id-meta":"","stick-header-meta":"","header-above-stick-meta":"","header-main-stick-meta":"","header-below-stick-meta":"","astra-migrate-meta-layouts":"","footnotes":"","_joinchat":[]},"_links":{"self":[{"href":"https:\/\/jeasociadosconsultores.com\/index.php\/wp-json\/wp\/v2\/pages\/16"}],"collection":[{"href":"https:\/\/jeasociadosconsultores.com\/index.php\/wp-json\/wp\/v2\/pages"}],"about":[{"href":"https:\/\/jeasociadosconsultores.com\/index.php\/wp-json\/wp\/v2\/types\/page"}],"author":[{"embeddable":true,"href":"https:\/\/jeasociadosconsultores.com\/index.php\/wp-json\/wp\/v2\/users\/1"}],"replies":[{"embeddable":true,"href":"https:\/\/jeasociadosconsultores.com\/index.php\/wp-json\/wp\/v2\/comments?post=16"}],"version-history":[{"count":17,"href":"https:\/\/jeasociadosconsultores.com\/index.php\/wp-json\/wp\/v2\/pages\/16\/revisions"}],"predecessor-version":[{"id":1548,"href":"https:\/\/jeasociadosconsultores.com\/index.php\/wp-json\/wp\/v2\/pages\/16\/revisions\/1548"}],"wp:attachment":[{"href":"https:\/\/jeasociadosconsultores.com\/index.php\/wp-json\/wp\/v2\/media?parent=16"}],"curies":[{"name":"wp","href":"https:\/\/api.w.org\/{rel}","templated":true}]}}